{"id":4258,"date":"2021-08-24T22:37:53","date_gmt":"2021-08-24T22:37:53","guid":{"rendered":"https:\/\/objetivoaruja.com.br\/site\/?page_id=4258"},"modified":"2021-08-25T15:13:28","modified_gmt":"2021-08-25T15:13:28","slug":"material-didatico","status":"publish","type":"page","link":"https:\/\/objetivoaruja.com.br\/site\/material-didatico\/","title":{"rendered":"Material Did\u00e1tico"},"content":{"rendered":"[vc_row][vc_column offset=&#8221;vc_col-lg-offset-1 vc_col-lg-10 vc_col-md-offset-1 vc_col-md-10&#8243;][vc_column_text]\n<p style=\"text-align: justify;\">Um dos nossos diferenciais dos cadernos de atividades, dos livros da Cole\u00e7\u00e3o OBJETIVO e de todo o nosso material did\u00e1tico \u00e9 a constante atualiza\u00e7\u00e3o. Nesse trabalho, o Centro de Pesquisa e Tecnologia \u2013 CPT traz a tecnologia de ponta; a Divis\u00e3o de Sistemas e M\u00e9todos de Aprendizagem atualiza e controla a metodologia de ensino e as pr\u00e1ticas pedag\u00f3gicas; o Corpo Docente se aplica \u00e0 an\u00e1lise dos exames e \u00e0 inclus\u00e3o das quest\u00f5es mais significativas, ano ap\u00f3s ano; o Departamento de Programa\u00e7\u00e3o Pedag\u00f3gica responsabiliza-se pela estrutura\u00e7\u00e3o de cursos, dos hor\u00e1rios e das demais atividades; a editora e o Parque Gr\u00e1fico encarregam-se de colocar na m\u00e3o do aluno, em todas as unidades, em tempo h\u00e1bil, o material correspondente a cada aula. Por isso, quando voc\u00ea tiver em m\u00e3os um caderno de atividades, um livro ou um folheto do OBJETIVO, lembre-se de que cada p\u00e1gina, cada palavra resultaram de um s\u00f3 prop\u00f3sito: v\u00ea-lo nas listas de aprovados.<\/p>\n<hr \/>\n<h5 style=\"text-align: justify;\">Cadernos de Atividades<\/h5>\n<p style=\"text-align: justify;\">S\u00e3o o material b\u00e1sico para o acompanhamento das aulas. Modulados aula por aula, cont\u00eam: um resumo te\u00f3rico, exerc\u00edcios que ser\u00e3o desenvolvidos em sala e uma orienta\u00e7\u00e3o para aprofundamento do programa nos livros da Cole\u00e7\u00e3o OBJETIVO, com indica\u00e7\u00e3o dos exerc\u00edcios por ordem de relev\u00e2ncia e grau de dificuldade. Cada curso e cada per\u00edodo t\u00eam cadernos pr\u00f3prios.<\/p>\n<hr \/>\n<h5 style=\"text-align: justify;\">Livros da Cole\u00e7\u00e3o<\/h5>\n<p style=\"text-align: justify;\">Objetivo S\u00e3o 34 livros, abrangendo todo o programa do Ensino M\u00e9dio, com cerca de 20 mil exerc\u00edcios de todas as mat\u00e9rias. E h\u00e1 muito mais: edi\u00e7\u00f5es integrais de obras liter\u00e1rias; an\u00e1lises dos livros de leitura obrigat\u00f3ria; folhetos para as aulas especiais e complementares; fichas-resumo; tabelas.<\/p>\n[\/vc_column_text][wgl_spacing spacer_size=&#8221;75px&#8221;][vc_btn title=&#8221;Fale Conosco&#8221; color=&#8221;primary&#8221; size=&#8221;lg&#8221; align=&#8221;center&#8221; i_icon_fontawesome=&#8221;fas fa-tty&#8221; button_block=&#8221;true&#8221; add_icon=&#8221;true&#8221; link=&#8221;url:https%3A%2F%2Fobjetivoaruja.com.br%2Fsite%2Fcontato%2F|title:Contato&#8221;][wgl_spacing spacer_size=&#8221;75px&#8221;][\/vc_column][\/vc_row]\n","protected":false},"excerpt":{"rendered":"<p>[vc_row][vc_column offset=&#8221;vc_col-lg-offset-1 vc_col-lg-10 vc_col-md-offset-1 vc_col-md-10&#8243;][vc_column_text] Um dos nossos diferenciais dos cadernos de atividades, dos livros da Cole\u00e7\u00e3o OBJETIVO e de todo o nosso material did\u00e1tico \u00e9 a constante atualiza\u00e7\u00e3o. Nesse trabalho, o Centro de Pesquisa e Tecnologia \u2013 CPT traz a tecnologia de ponta; a Divis\u00e3o de Sistemas e M\u00e9todos de Aprendizagem atualiza e controla [&hellip;]<\/p>\n","protected":false},"author":1,"featured_media":0,"parent":0,"menu_order":0,"comment_status":"closed","ping_status":"closed","template":"","meta":{"footnotes":""},"class_list":["post-4258","page","type-page","status-publish","hentry"],"_links":{"self":[{"href":"https:\/\/objetivoaruja.com.br\/site\/wp-json\/wp\/v2\/pages\/4258","targetHints":{"allow":["GET"]}}],"collection":[{"href":"https:\/\/objetivoaruja.com.br\/site\/wp-json\/wp\/v2\/pages"}],"about":[{"href":"https:\/\/objetivoaruja.com.br\/site\/wp-json\/wp\/v2\/types\/page"}],"author":[{"embeddable":true,"href":"https:\/\/objetivoaruja.com.br\/site\/wp-json\/wp\/v2\/users\/1"}],"replies":[{"embeddable":true,"href":"https:\/\/objetivoaruja.com.br\/site\/wp-json\/wp\/v2\/comments?post=4258"}],"version-history":[{"count":2,"href":"https:\/\/objetivoaruja.com.br\/site\/wp-json\/wp\/v2\/pages\/4258\/revisions"}],"predecessor-version":[{"id":4283,"href":"https:\/\/objetivoaruja.com.br\/site\/wp-json\/wp\/v2\/pages\/4258\/revisions\/4283"}],"wp:attachment":[{"href":"https:\/\/objetivoaruja.com.br\/site\/wp-json\/wp\/v2\/media?parent=4258"}],"curies":[{"name":"wp","href":"https:\/\/api.w.org\/{rel}","templated":true}]}}