{"id":4255,"date":"2021-08-24T22:36:07","date_gmt":"2021-08-24T22:36:07","guid":{"rendered":"https:\/\/objetivoaruja.com.br\/site\/?page_id=4255"},"modified":"2021-08-25T15:11:51","modified_gmt":"2021-08-25T15:11:51","slug":"uniformes","status":"publish","type":"page","link":"https:\/\/objetivoaruja.com.br\/site\/uniformes\/","title":{"rendered":"Uniformes"},"content":{"rendered":"[vc_row][vc_column offset=&#8221;vc_col-lg-offset-1 vc_col-lg-10 vc_col-md-offset-1 vc_col-md-10&#8243;][vc_column_text]\n<p style=\"text-align: justify;\">A utiliza\u00e7\u00e3o de uniformes obrigat\u00f3rios para alunos, professores e funcion\u00e1rios garante a identifica\u00e7\u00e3o de todos aqueles que vivenciam o ambiente escolar. Para a facilidade dos pais, a escola oferece uma Representante especializada na marca Objetivo, que disp\u00f5e de diversos modelos e numera\u00e7\u00f5es, al\u00e9m de acess\u00f3rios opcionais.<\/p>\n<h5 style=\"text-align: justify;\">Representante de uniformes<\/h5>\n<p style=\"text-align: justify;\">Camila<br \/>\nTelefone: (11) 98630-9464 ou (11) 95025-2832<br \/>\nEndere\u00e7o: Rua Pernambuco, 248 &#8211; Jd. Planalto &#8211; Aruj\u00e1 &#8211; SP &#8211; CEP\u00a0<span>07432-575<\/span><\/p>\n[\/vc_column_text][wgl_spacing spacer_size=&#8221;75px&#8221;][vc_btn title=&#8221;Fale Conosco&#8221; color=&#8221;primary&#8221; size=&#8221;lg&#8221; align=&#8221;center&#8221; i_icon_fontawesome=&#8221;fas fa-tty&#8221; button_block=&#8221;true&#8221; add_icon=&#8221;true&#8221; link=&#8221;url:https%3A%2F%2Fobjetivoaruja.com.br%2Fsite%2Fcontato%2F|title:Contato&#8221;][wgl_spacing spacer_size=&#8221;75px&#8221;][\/vc_column][\/vc_row]\n","protected":false},"excerpt":{"rendered":"<p>[vc_row][vc_column offset=&#8221;vc_col-lg-offset-1 vc_col-lg-10 vc_col-md-offset-1 vc_col-md-10&#8243;][vc_column_text] A utiliza\u00e7\u00e3o de uniformes obrigat\u00f3rios para alunos, professores e funcion\u00e1rios garante a identifica\u00e7\u00e3o de todos aqueles que vivenciam o ambiente escolar. Para a facilidade dos pais, a escola oferece uma Representante especializada na marca Objetivo, que disp\u00f5e de diversos modelos e numera\u00e7\u00f5es, al\u00e9m de acess\u00f3rios opcionais. Representante de uniformes Camila [&hellip;]<\/p>\n","protected":false},"author":1,"featured_media":0,"parent":0,"menu_order":0,"comment_status":"closed","ping_status":"closed","template":"","meta":{"footnotes":""},"class_list":["post-4255","page","type-page","status-publish","hentry"],"_links":{"self":[{"href":"https:\/\/objetivoaruja.com.br\/site\/wp-json\/wp\/v2\/pages\/4255","targetHints":{"allow":["GET"]}}],"collection":[{"href":"https:\/\/objetivoaruja.com.br\/site\/wp-json\/wp\/v2\/pages"}],"about":[{"href":"https:\/\/objetivoaruja.com.br\/site\/wp-json\/wp\/v2\/types\/page"}],"author":[{"embeddable":true,"href":"https:\/\/objetivoaruja.com.br\/site\/wp-json\/wp\/v2\/users\/1"}],"replies":[{"embeddable":true,"href":"https:\/\/objetivoaruja.com.br\/site\/wp-json\/wp\/v2\/comments?post=4255"}],"version-history":[{"count":3,"href":"https:\/\/objetivoaruja.com.br\/site\/wp-json\/wp\/v2\/pages\/4255\/revisions"}],"predecessor-version":[{"id":4281,"href":"https:\/\/objetivoaruja.com.br\/site\/wp-json\/wp\/v2\/pages\/4255\/revisions\/4281"}],"wp:attachment":[{"href":"https:\/\/objetivoaruja.com.br\/site\/wp-json\/wp\/v2\/media?parent=4255"}],"curies":[{"name":"wp","href":"https:\/\/api.w.org\/{rel}","templated":true}]}}