{"id":4250,"date":"2021-08-24T22:29:34","date_gmt":"2021-08-24T22:29:34","guid":{"rendered":"https:\/\/objetivoaruja.com.br\/site\/?page_id=4250"},"modified":"2021-08-25T15:12:46","modified_gmt":"2021-08-25T15:12:46","slug":"horarios-de-atendimento","status":"publish","type":"page","link":"https:\/\/objetivoaruja.com.br\/site\/horarios-de-atendimento\/","title":{"rendered":"Hor\u00e1rios de Atendimento"},"content":{"rendered":"[vc_row][vc_column offset=&#8221;vc_col-lg-offset-1 vc_col-lg-10 vc_col-md-offset-1 vc_col-md-10&#8243;][vc_column_text]\n<hr \/>\n<h5>Atendimento<\/h5>\n<p>Seg. a Sex. das 08h \u00e0s 17:30h | S\u00e1b. das 08h \u00e0s 12h<\/p>\n<hr \/>\n<h5>Biblioteca<\/h5>\n<p>Seg. a Quinta das 08h \u00e0s 17:30h<\/p>\n<hr \/>\n<h5>Caixa<\/h5>\n<p>Seg. a Sex. das 08h \u00e0s 17:30h | S\u00e1b. das 08h \u00e0s 12h<\/p>\n<hr \/>\n<h5>Cantina<\/h5>\n<p>Seg. a Sex. das 08h \u00e0s 18h<\/p>\n<hr \/>\n<h5>Matr\u00edcula<\/h5>\n<p>Seg. a Sex. das 09h \u00e0s 17:30h | S\u00e1b. das 08 \u00e0s 12h<\/p>\n<hr \/>\n<h5>Secretaria<\/h5>\n<p>Seg. a Sexta. das 08 \u00e0s 17:30h<\/p>\n<hr \/>\n[\/vc_column_text][wgl_spacing spacer_size=&#8221;75px&#8221;][vc_btn title=&#8221;Fale Conosco&#8221; color=&#8221;primary&#8221; size=&#8221;lg&#8221; align=&#8221;center&#8221; i_icon_fontawesome=&#8221;fas fa-tty&#8221; button_block=&#8221;true&#8221; add_icon=&#8221;true&#8221; link=&#8221;url:https%3A%2F%2Fobjetivoaruja.com.br%2Fsite%2Fcontato%2F|title:Contato&#8221;][wgl_spacing spacer_size=&#8221;75px&#8221;][\/vc_column][\/vc_row]\n","protected":false},"excerpt":{"rendered":"<p>[vc_row][vc_column offset=&#8221;vc_col-lg-offset-1 vc_col-lg-10 vc_col-md-offset-1 vc_col-md-10&#8243;][vc_column_text] Atendimento Seg. a Sex. das 08h \u00e0s 17:30h | S\u00e1b. das 08h \u00e0s 12h Biblioteca Seg. a Quinta das 08h \u00e0s 17:30h Caixa Seg. a Sex. das 08h \u00e0s 17:30h | S\u00e1b. das 08h \u00e0s 12h Cantina Seg. a Sex. das 08h \u00e0s 18h Matr\u00edcula Seg. a Sex. das 09h [&hellip;]<\/p>\n","protected":false},"author":1,"featured_media":0,"parent":0,"menu_order":0,"comment_status":"closed","ping_status":"closed","template":"","meta":{"footnotes":""},"class_list":["post-4250","page","type-page","status-publish","hentry"],"_links":{"self":[{"href":"https:\/\/objetivoaruja.com.br\/site\/wp-json\/wp\/v2\/pages\/4250","targetHints":{"allow":["GET"]}}],"collection":[{"href":"https:\/\/objetivoaruja.com.br\/site\/wp-json\/wp\/v2\/pages"}],"about":[{"href":"https:\/\/objetivoaruja.com.br\/site\/wp-json\/wp\/v2\/types\/page"}],"author":[{"embeddable":true,"href":"https:\/\/objetivoaruja.com.br\/site\/wp-json\/wp\/v2\/users\/1"}],"replies":[{"embeddable":true,"href":"https:\/\/objetivoaruja.com.br\/site\/wp-json\/wp\/v2\/comments?post=4250"}],"version-history":[{"count":4,"href":"https:\/\/objetivoaruja.com.br\/site\/wp-json\/wp\/v2\/pages\/4250\/revisions"}],"predecessor-version":[{"id":4282,"href":"https:\/\/objetivoaruja.com.br\/site\/wp-json\/wp\/v2\/pages\/4250\/revisions\/4282"}],"wp:attachment":[{"href":"https:\/\/objetivoaruja.com.br\/site\/wp-json\/wp\/v2\/media?parent=4250"}],"curies":[{"name":"wp","href":"https:\/\/api.w.org\/{rel}","templated":true}]}}