{"id":4246,"date":"2021-08-24T22:20:51","date_gmt":"2021-08-24T22:20:51","guid":{"rendered":"https:\/\/objetivoaruja.com.br\/site\/?page_id=4246"},"modified":"2023-09-11T12:35:20","modified_gmt":"2023-09-11T12:35:20","slug":"bercario","status":"publish","type":"page","link":"https:\/\/objetivoaruja.com.br\/site\/bercario\/","title":{"rendered":"Ber\u00e7\u00e1rio"},"content":{"rendered":"[vc_row][vc_column offset=&#8221;vc_col-lg-offset-1 vc_col-lg-10 vc_col-md-offset-1 vc_col-md-10&#8243;][vc_column_text]Hor\u00e1rio: das 7h \u00e0s 18h<\/p>\n<p>Com muita aten\u00e7\u00e3o e cuidado, a equipe de profissionais cuida das necessidades do beb\u00ea atrav\u00e9s de atividades di\u00e1rias especialmente projetadas para a sua faixa et\u00e1ria e para necessidades e interesses de cada crian\u00e7a.<\/p>\n<p>A <strong>equipe multidisciplinar de profissionais, formada por pedagogas, psic\u00f3loga, enfermeira, pediatra, \u00a0cozinheira e auxiliares<\/strong>, tem alto grau de capacita\u00e7\u00e3o, prioriza o relacionamento humano, acolhendo, incentivando e explorando o potencial de cada beb\u00ea.<\/p>\n<p>A condu\u00e7\u00e3o das atividades especialmente preparadas em diferentes \u00e1reas como linguagens, cogni\u00e7\u00e3o, desenvolvimento dos aspectos socioemocionais, f\u00edsico motores, visando o desenvolvimento da crian\u00e7a fazem parte da rotina dos beb\u00eas.<\/p>\n<p>Os ambientes s\u00e3o planejados para promover a seguran\u00e7a e o conforto dos beb\u00eas.<\/p>\n<p><strong>Op\u00e7\u00e3o Day Care.<\/strong><\/p>\n<p>&nbsp;<\/p>\n<p><strong><u>Ambientes:<\/u><\/strong><\/p>\n<p>Sala de repouso<\/p>\n<p>Frald\u00e1rio<\/p>\n<p>Sala de Banho<\/p>\n<p>P\u00e1tio e sol\u00e1rio<\/p>\n<p>Sala de alimenta\u00e7\u00e3o<\/p>\n<p>Lact\u00e1rio<\/p>\n<p>Cozinha<\/p>\n<p>Sala de amamenta\u00e7\u00e3o<\/p>\n<p>Sala enfermeira<\/p>\n<p>Brinquedoteca<\/p>\n<p>Espa\u00e7o de atividades[\/vc_column_text][wgl_spacing spacer_size=&#8221;75px&#8221;][\/vc_column][\/vc_row][vc_row][vc_column][vc_media_grid element_width=&#8221;2&#8243; grid_id=&#8221;vc_gid:1694435685855-b5aae4f4-4510-7&#8243; include=&#8221;3897,3896,3888,3889,3890,3891,3892,3893,3894,3895,3887,3886,3885,3884,3883,3882,3898,3908&#8243;][\/vc_column][\/vc_row][vc_row][vc_column width=&#8221;1\/4&#8243;][\/vc_column][vc_column width=&#8221;1\/2&#8243;][vc_video link=&#8221;https:\/\/youtu.be\/WDfR2XwfhBY&#8221; css=&#8221;.vc_custom_1642780809310{margin-top: 30px !important;margin-bottom: 30px !important;}&#8221;][wgl_spacing spacer_size=&#8221;75px&#8221;][\/vc_column][vc_column width=&#8221;1\/4&#8243;][\/vc_column][\/vc_row]\n","protected":false},"excerpt":{"rendered":"<p>[vc_row][vc_column offset=&#8221;vc_col-lg-offset-1 vc_col-lg-10 vc_col-md-offset-1 vc_col-md-10&#8243;][vc_column_text]Hor\u00e1rio: das 7h \u00e0s 18h Com muita aten\u00e7\u00e3o e cuidado, a equipe de profissionais cuida das necessidades do beb\u00ea atrav\u00e9s de atividades di\u00e1rias especialmente projetadas para a sua faixa et\u00e1ria e para necessidades e interesses de cada crian\u00e7a. A equipe multidisciplinar de profissionais, formada por pedagogas, psic\u00f3loga, enfermeira, pediatra, \u00a0cozinheira e [&hellip;]<\/p>\n","protected":false},"author":1,"featured_media":0,"parent":0,"menu_order":0,"comment_status":"closed","ping_status":"closed","template":"","meta":{"footnotes":""},"class_list":["post-4246","page","type-page","status-publish","hentry"],"_links":{"self":[{"href":"https:\/\/objetivoaruja.com.br\/site\/wp-json\/wp\/v2\/pages\/4246","targetHints":{"allow":["GET"]}}],"collection":[{"href":"https:\/\/objetivoaruja.com.br\/site\/wp-json\/wp\/v2\/pages"}],"about":[{"href":"https:\/\/objetivoaruja.com.br\/site\/wp-json\/wp\/v2\/types\/page"}],"author":[{"embeddable":true,"href":"https:\/\/objetivoaruja.com.br\/site\/wp-json\/wp\/v2\/users\/1"}],"replies":[{"embeddable":true,"href":"https:\/\/objetivoaruja.com.br\/site\/wp-json\/wp\/v2\/comments?post=4246"}],"version-history":[{"count":7,"href":"https:\/\/objetivoaruja.com.br\/site\/wp-json\/wp\/v2\/pages\/4246\/revisions"}],"predecessor-version":[{"id":7270,"href":"https:\/\/objetivoaruja.com.br\/site\/wp-json\/wp\/v2\/pages\/4246\/revisions\/7270"}],"wp:attachment":[{"href":"https:\/\/objetivoaruja.com.br\/site\/wp-json\/wp\/v2\/media?parent=4246"}],"curies":[{"name":"wp","href":"https:\/\/api.w.org\/{rel}","templated":true}]}}