{"id":4242,"date":"2021-08-24T22:08:04","date_gmt":"2021-08-24T22:08:04","guid":{"rendered":"https:\/\/objetivoaruja.com.br\/site\/?page_id=4242"},"modified":"2023-09-11T12:45:57","modified_gmt":"2023-09-11T12:45:57","slug":"ensino-medio","status":"publish","type":"page","link":"https:\/\/objetivoaruja.com.br\/site\/ensino-medio\/","title":{"rendered":"Ensino M\u00e9dio"},"content":{"rendered":"[vc_row][vc_column offset=&#8221;vc_col-lg-offset-1 vc_col-lg-10 vc_col-md-offset-1 vc_col-md-10&#8243;][vc_column_text]O Ensino M\u00e9dio tem como meta formar cidad\u00e3os atuantes na sociedade, al\u00e9m de prepar\u00e1-los para enfrentar, com seguran\u00e7a, os exames vestibulares mais concorridos e desafiadores.<\/p>\n<p>O conte\u00fado program\u00e1tico do Ensino M\u00e9dio atendi as exig\u00eancias dos vestibulares das Universidades mais concorridas e dispensa o aluno de um curso preparat\u00f3rio para os vestibulares. Programa\u00e7\u00e3o avan\u00e7ada, prepara\u00e7\u00e3o para olimp\u00edadas cient\u00edficas, laborat\u00f3rios de reda\u00e7\u00e3o, programa de incentivo \u00e0 leitura e \u00e0 cria\u00e7\u00e3o de textos, tecnologia educacional de ponta, programa de orienta\u00e7\u00e3o educacional e vocacional, projetos de solidariedade, aula em escolas na natureza, programa de inicia\u00e7\u00e3o cientifica, di\u00e1logos e debates, estudo dirigido complementar, exames vestibulares simulados e atividades complementares estimulantes s\u00e3o alguns dos recursos oferecidos no Ensino M\u00e9dio do Col\u00e9gio Objetivo Aruj\u00e1.<\/p>\n<p>O Ensino M\u00e9dio \u00e9 a fase final da Educa\u00e7\u00e3o B\u00e1sica oferecida no Col\u00e9gio Objetivo de Aruj\u00e1, onde se consolidam a solida forma\u00e7\u00e3o acad\u00eamica e o protagonismo do aluno. A trajet\u00f3ria do aluno permeada pela valoriza\u00e7\u00e3o constante das rela\u00e7\u00f5es socioemocionais saud\u00e1veis, pelo di\u00e1logo constante \u00e9 fundamental para a constru\u00e7\u00e3o harmoniosa dos projetos de vida de cada um, para o enfrentamento de novos desafios da sociedade moderna.<\/p>\n<p>Projetos e programas contemplam atividades voltadas \u00e0 \u00c9tica e Cidadania \u2013 paz, solidariedade, sustentabilidade, desenvolvidas pela equipe multidisciplinar em cada \u00e1rea de ensino.[\/vc_column_text][wgl_spacing spacer_size=&#8221;75px&#8221;][\/vc_column][\/vc_row][vc_row][vc_column width=&#8221;1\/4&#8243;][\/vc_column][vc_column width=&#8221;1\/2&#8243;][vc_video link=&#8221;https:\/\/youtu.be\/WDfR2XwfhBY&#8221; css=&#8221;.vc_custom_1642781169967{margin-top: 30px !important;margin-bottom: 30px !important;}&#8221;][wgl_spacing spacer_size=&#8221;75px&#8221;][\/vc_column][vc_column width=&#8221;1\/4&#8243;][\/vc_column][\/vc_row][vc_row][vc_column width=&#8221;2\/3&#8243;][vc_tta_accordion c_icon=&#8221;&#8221; active_section=&#8221;1&#8243;][vc_tta_section title=&#8221;Sala de aula do Ensino M\u00e9dio&#8221; tab_id=&#8221;1629837111234-6cf8e274-dc43&#8243;][vc_column_text]S\u00e3o equipadas com ar condicionado, computador, projetor multim\u00eddia e c\u00e2meras de monitoramento.[\/vc_column_text][\/vc_tta_section][vc_tta_section title=&#8221;Audit\u00f3rio&#8221; tab_id=&#8221;1629837111249-eb42b221-a130&#8243;][vc_column_text]Espa\u00e7o onde s\u00e3o realizadas as palestras, aulas especiais e comemora\u00e7\u00f5es.[\/vc_column_text][\/vc_tta_section][vc_tta_section title=&#8221;Laborat\u00f3rios de qu\u00edmica, f\u00edsica e biologia&#8221; tab_id=&#8221;1629837310987-ba175d22-52f9&#8243;][vc_column_text]Este ambiente possui todos os equipamentos e produtos para a realiza\u00e7\u00e3o de experimentos das aulas de biologia, f\u00edsica, qu\u00edmica e ci\u00eancias.[\/vc_column_text][\/vc_tta_section][vc_tta_section title=&#8221;Laborat\u00f3rio de Tecnologia da Informa\u00e7\u00e3o&#8221; tab_id=&#8221;1629841477829-834a5553-a1cf&#8221;][vc_column_text]V\u00e1rios computadores com acesso \u00e0 Internet, os softwares, tablets e multim\u00eddia possibilitam apoio \u00e0s aulas, abrindo um grande leque de aprendizagens da tecnologia. \u00c9 utilizado tamb\u00e9m nas aulas de Educa\u00e7\u00e3o Digital e apoio a digita\u00e7\u00e3o e impress\u00e3o[\/vc_column_text][\/vc_tta_section][vc_tta_section title=&#8221;Biblioteca Central&#8221; tab_id=&#8221;1629837393443-14a9b9da-389a&#8221;][vc_column_text]Atende os alunos da Educa\u00e7\u00e3o Fundamental e Ensino M\u00e9dio. Possui grande acervo de livros com cadastro digitalizado, peri\u00f3dicos, assinatura de revistas e jornal \u201cO Estado de S\u00e3o Paulo\u201d, videoteca, computadores com acesso \u00e0 Internet para pesquisas.[\/vc_column_text][\/vc_tta_section][vc_tta_section title=&#8221;Quadras Cobertas&#8221; tab_id=&#8221;1629837427484-ccb86756-905d&#8221;][vc_column_text]Espa\u00e7o para as aulas de Educa\u00e7\u00e3o F\u00edsica e pr\u00e1ticas esportivas em diferentes modalidades.[\/vc_column_text][\/vc_tta_section][vc_tta_section title=&#8221;P\u00e1tio&#8221; tab_id=&#8221;1629837557665-13d9e472-1c3a&#8221;][vc_column_text]Espa\u00e7o para os alunos interagirem e descansarem durante o intervalo.[\/vc_column_text][\/vc_tta_section][vc_tta_section title=&#8221;Cozinha experimental&#8221; tab_id=&#8221;1629837673577-ddcacd3f-4bf7&#8243;][vc_column_text]A prepara\u00e7\u00e3o das saborosas receitas com diferentes ingredientes, estimula descobertas, habilidades motoras, organiza\u00e7\u00e3o, h\u00e1bitos de higiene e o prazer de se alimentar de maneira saud\u00e1vel.<span class=\"Apple-converted-space\">\u00a0<\/span>[\/vc_column_text][\/vc_tta_section][vc_tta_section title=&#8221;Lanchonetes&#8221; tab_id=&#8221;1629837696099-8b92f614-8edd&#8221;][vc_column_text]Oferece diversas op\u00e7\u00f5es de lanches aos alunos. Os pais podem optar pela utiliza\u00e7\u00e3o do Cart\u00e3o Magn\u00e9tico. Com este servi\u00e7o, o respons\u00e1vel tem controle sobre a qualidade da alimenta\u00e7\u00e3o, e dos gastos de seu filho, podendo estipular valores m\u00e1ximos de utiliza\u00e7\u00e3o por dia.[\/vc_column_text][\/vc_tta_section][vc_tta_section title=&#8221;Refeit\u00f3rio&#8221; tab_id=&#8221;1629841416880-c0f9b12d-c41e&#8221;][vc_column_text]Espa\u00e7o de alimenta\u00e7\u00e3o para os alunos da Educa\u00e7\u00e3o Infantil e Educa\u00e7\u00e3o Fundamental I.[\/vc_column_text][\/vc_tta_section][vc_tta_section title=&#8221;Enfermaria&#8221; tab_id=&#8221;1629837722209-c360e271-247b&#8221;][vc_column_text]Uma especialista na \u00e1rea de sa\u00fade d\u00e1 suporte ao aluno quando ele necessita de atendimento, contribuindo para o seu bem estar no Col\u00e9gio; temas sobre sa\u00fade e bons h\u00e1bitos de higiene e alimenta\u00e7\u00e3o s\u00e3o abordados permanentemente pela profissional.[\/vc_column_text][\/vc_tta_section][\/vc_tta_accordion][\/vc_column][vc_column width=&#8221;1\/3&#8243;][vc_media_grid grid_id=&#8221;vc_gid:1694436339164-72be3b7a-d134-7&#8243; include=&#8221;3928,3927,3908,3905,3904,3903,3902,3916,3915,3914,3913,3899,3906,3909,3881,3918,3917,3880,3876,3877,3912&#8243;][\/vc_column][\/vc_row]\n","protected":false},"excerpt":{"rendered":"<p>[vc_row][vc_column offset=&#8221;vc_col-lg-offset-1 vc_col-lg-10 vc_col-md-offset-1 vc_col-md-10&#8243;][vc_column_text]O Ensino M\u00e9dio tem como meta formar cidad\u00e3os atuantes na sociedade, al\u00e9m de prepar\u00e1-los para enfrentar, com seguran\u00e7a, os exames vestibulares mais concorridos e desafiadores. O conte\u00fado program\u00e1tico do Ensino M\u00e9dio atendi as exig\u00eancias dos vestibulares das Universidades mais concorridas e dispensa o aluno de um curso preparat\u00f3rio para os vestibulares. [&hellip;]<\/p>\n","protected":false},"author":1,"featured_media":0,"parent":0,"menu_order":0,"comment_status":"closed","ping_status":"closed","template":"","meta":{"footnotes":""},"class_list":["post-4242","page","type-page","status-publish","hentry"],"_links":{"self":[{"href":"https:\/\/objetivoaruja.com.br\/site\/wp-json\/wp\/v2\/pages\/4242","targetHints":{"allow":["GET"]}}],"collection":[{"href":"https:\/\/objetivoaruja.com.br\/site\/wp-json\/wp\/v2\/pages"}],"about":[{"href":"https:\/\/objetivoaruja.com.br\/site\/wp-json\/wp\/v2\/types\/page"}],"author":[{"embeddable":true,"href":"https:\/\/objetivoaruja.com.br\/site\/wp-json\/wp\/v2\/users\/1"}],"replies":[{"embeddable":true,"href":"https:\/\/objetivoaruja.com.br\/site\/wp-json\/wp\/v2\/comments?post=4242"}],"version-history":[{"count":4,"href":"https:\/\/objetivoaruja.com.br\/site\/wp-json\/wp\/v2\/pages\/4242\/revisions"}],"predecessor-version":[{"id":7274,"href":"https:\/\/objetivoaruja.com.br\/site\/wp-json\/wp\/v2\/pages\/4242\/revisions\/7274"}],"wp:attachment":[{"href":"https:\/\/objetivoaruja.com.br\/site\/wp-json\/wp\/v2\/media?parent=4242"}],"curies":[{"name":"wp","href":"https:\/\/api.w.org\/{rel}","templated":true}]}}