{"id":3871,"date":"2020-03-02T12:34:26","date_gmt":"2020-03-02T12:34:26","guid":{"rendered":"https:\/\/objetivoaruja.com.br\/site\/?page_id=3871"},"modified":"2021-08-25T13:55:17","modified_gmt":"2021-08-25T13:55:17","slug":"instalacoes","status":"publish","type":"page","link":"https:\/\/objetivoaruja.com.br\/site\/instalacoes\/","title":{"rendered":"Instala\u00e7\u00f5es"},"content":{"rendered":"[vc_row][vc_column][vc_column_text]\n<header class=\"entry-header\">\n<p class=\"entry-title page-header\">Em um espa\u00e7o de 3500m\u00b2 nossas instala\u00e7\u00f5es focam em seguran\u00e7a e adequa\u00e7\u00e3o aos in\u00fameros projetos desenvolvidos.<\/p>\n<\/header>\n[\/vc_column_text][wgl_spacing spacer_size=&#8221;29px&#8221;][\/vc_column][\/vc_row][vc_row][vc_column offset=&#8221;vc_col-md-6&#8243;][vc_tta_accordion c_position=&#8221;right&#8221; active_section=&#8221;1&#8243;][vc_tta_section title=&#8221;Salas de aula da Educa\u00e7\u00e3o Infantil e Educa\u00e7\u00e3o Fundamental I&#8221; tab_id=&#8221;1559896571183-23da5d19-207f&#8221;][vc_column_text]<span>Espa\u00e7os que propiciam a aprendizagem e o desenvolvimento das atividades que s\u00e3o propostas. S\u00e3o equipadas com c\u00e2meras de monitoramento.<\/span>[\/vc_column_text][\/vc_tta_section][vc_tta_section title=&#8221;Sala de aula da Educa\u00e7\u00e3o Fundamental II e Ensino M\u00e9dio&#8221; tab_id=&#8221;1583156575428-a22dfeaf-4317&#8243;][vc_column_text]<span>S\u00e3o equipadas com ar condicionado, computador, projetor multim\u00eddia e c\u00e2meras de monitoramento.<\/span>[\/vc_column_text][\/vc_tta_section][vc_tta_section title=&#8221;Sala de express\u00e3o corporal\/m\u00fasica\/dan\u00e7a&#8221; tab_id=&#8221;1583156634440-de2625db-5543&#8243;][vc_column_text]<span>Neste ambiente, o aluno desenvolve a sensibilidade, a coordena\u00e7\u00e3o motora, o gosto pelas artes. As aulas de Ballet s\u00e3o realizadas neste espa\u00e7o.<\/span>[\/vc_column_text][\/vc_tta_section][vc_tta_section title=&#8221;Laborat\u00f3rios de qu\u00edmica, f\u00edsica e biologia&#8221; tab_id=&#8221;1583156672662-d8d3e76f-d575&#8243;][vc_column_text]<span>Este ambiente possui todos os equipamentos e produtos para a realiza\u00e7\u00e3o de experimentos das aulas de biologia, f\u00edsica, qu\u00edmica e ci\u00eancias.<\/span>[\/vc_column_text][\/vc_tta_section][vc_tta_section title=&#8221;Ateli\u00ea de artes&#8221; tab_id=&#8221;1583152863171-e900fcca-88a2&#8243;][vc_column_text]<span>Espa\u00e7o onde se desenvolve a criatividade, o racioc\u00ednio l\u00f3gico \u2013 espacial, o conhecimento da obra de grandes pintores e movimentos art\u00edsticos.<\/span>[\/vc_column_text][\/vc_tta_section][vc_tta_section title=&#8221;Biblioteca Infantil&#8221; tab_id=&#8221;1583152944997-18aecc42-c922&#8243;][vc_column_text]<span>Ambiente pensado para estimular a leitura e a imagina\u00e7\u00e3o.<\/span>[\/vc_column_text][\/vc_tta_section][vc_tta_section title=&#8221;Biblioteca Central&#8221; tab_id=&#8221;1583156838850-8c86bd75-5bc3&#8243;][vc_column_text]<span>Atende os alunos da Educa\u00e7\u00e3o Fundamental e Ensino M\u00e9dio. Possui grande acervo de livros com cadastro digitalizado, peri\u00f3dicos, assinatura de revistas e jornal \u201cO Estado de S\u00e3o Paulo\u201d, videoteca, computadores com acesso \u00e0 Internet para pesquisas.<\/span>[\/vc_column_text][\/vc_tta_section][vc_tta_section title=&#8221;Quadras Cobertas&#8221; tab_id=&#8221;1583156886121-bd85845d-88bf&#8221;][vc_column_text]<span>Espa\u00e7o para as aulas de Educa\u00e7\u00e3o F\u00edsica e pr\u00e1ticas esportivas em diferentes modalidades.<\/span>[\/vc_column_text][\/vc_tta_section][vc_tta_section title=&#8221;Audit\u00f3rio&#8221; tab_id=&#8221;1583156933156-d9111a37-22e7&#8243;][vc_column_text]<span>Espa\u00e7o onde s\u00e3o realizadas as palestras, aulas especiais e comemora\u00e7\u00f5es.<\/span>[\/vc_column_text][\/vc_tta_section][vc_tta_section title=&#8221;Secretaria&#8221; tab_id=&#8221;1583156977238-c24d671e-c42d&#8221;][vc_column_text]<span>\u00c1rea respons\u00e1vel pela escritura\u00e7\u00e3o, recebimento e arquivo dos documentos escolares. Atrav\u00e9s de solicita\u00e7\u00e3o elabora hist\u00f3ricos, boletins, certificados, relat\u00f3rios t\u00e9cnicos e verifica a regularidade da documenta\u00e7\u00e3o referente \u00e0 matr\u00edcula dos alunos.<\/span>[\/vc_column_text][\/vc_tta_section][vc_tta_section title=&#8221;P\u00e1tio Playground&#8221; tab_id=&#8221;1583157037255-98755b6d-f3b3&#8243;][vc_column_text]<span>Ambiente seguro para a hora da brincadeira, utilizado nos intervalos de aula. Conta com supervis\u00e3o integral.<\/span>[\/vc_column_text][\/vc_tta_section][vc_tta_section title=&#8221;Mini Cidade &#8211; Sala de Viv\u00eancia&#8221; tab_id=&#8221;1583157115475-267ff8c3-df90&#8243;][vc_column_text]<span>Espa\u00e7o de apoio para as aulas e para as brincadeiras dirigidas, onde as crian\u00e7as simulam situa\u00e7\u00f5es do dia-a-dia.<\/span>[\/vc_column_text][\/vc_tta_section][vc_tta_section title=&#8221;Cozinha Experimental&#8221; tab_id=&#8221;1583157162926-11553fce-4f62&#8243;][vc_column_text]<span>A prepara\u00e7\u00e3o das saborosas receitas com diferentes ingredientes, estimula descobertas, habilidades motoras, organiza\u00e7\u00e3o, h\u00e1bitos de higiene e o prazer de se alimentar de maneira saud\u00e1vel.<\/span>[\/vc_column_text][\/vc_tta_section][vc_tta_section title=&#8221;Lanchonetes&#8221; tab_id=&#8221;1583157209121-a5301c6d-a738&#8243;][vc_column_text]<span>Oferece diversas op\u00e7\u00f5es de lanches aos alunos. Os pais podem optar pela utiliza\u00e7\u00e3o do Cart\u00e3o Magn\u00e9tico. Com este servi\u00e7o, o respons\u00e1vel tem controle sobre a qualidade da alimenta\u00e7\u00e3o, e dos gastos de seu filho, podendo estipular valores m\u00e1ximos de utiliza\u00e7\u00e3o por dia.<\/span>[\/vc_column_text][\/vc_tta_section][vc_tta_section title=&#8221;Refeit\u00f3rio&#8221; tab_id=&#8221;1583157246485-8b0c47fd-ad01&#8243;][vc_column_text]<span>Espa\u00e7o de alimenta\u00e7\u00e3o para os alunos da Educa\u00e7\u00e3o Infantil e Educa\u00e7\u00e3o Fundamental I.<\/span>[\/vc_column_text][\/vc_tta_section][vc_tta_section title=&#8221;Pr\u00e9dio Administrativo&#8221; tab_id=&#8221;1583157325349-8289b74b-e8f7&#8243;][vc_column_text]<span>Sala dos professores, coordena\u00e7\u00e3o, dire\u00e7\u00e3o, Recursos Humanos, Tecnologia da Informa\u00e7\u00e3o, recep\u00e7\u00e3o.<\/span>[\/vc_column_text][\/vc_tta_section][vc_tta_section title=&#8221;Enfermaria&#8221; tab_id=&#8221;1583157287827-090145da-2e58&#8243;][vc_column_text]<span>Uma especialista na \u00e1rea de sa\u00fade d\u00e1 suporte ao aluno quando ele necessita de atendimento, contribuindo para o seu bem estar no Col\u00e9gio; temas sobre sa\u00fade e bons h\u00e1bitos de higiene e alimenta\u00e7\u00e3o s\u00e3o abordados permanentemente pela profissional.<\/span>[\/vc_column_text][\/vc_tta_section][vc_tta_section title=&#8221;Horta&#8221; tab_id=&#8221;1583157364650-eea3623b-3268&#8243;][vc_column_text]<span>Semear, cuidar e colher s\u00e3o a\u00e7\u00f5es prazerosas e preparat\u00f3rias para uma vida saud\u00e1vel, ensinando a crian\u00e7a a respeitar o meio em que vive.<\/span>[\/vc_column_text][\/vc_tta_section][vc_tta_section title=&#8221;P\u00e1tio&#8221; tab_id=&#8221;1583157403089-a5232260-21be&#8221;][vc_column_text]<span>Espa\u00e7o para os alunos interagirem e descansarem durante o intervalo.<\/span>[\/vc_column_text][\/vc_tta_section][vc_tta_section title=&#8221;Laborat\u00f3rio de Tecnologia da Informa\u00e7\u00e3o&#8221; tab_id=&#8221;1583157439674-33b007cc-ccff&#8221;][vc_column_text]<span>V\u00e1rios computadores com acesso \u00e0 Internet, os softwares, tablets e multim\u00eddia possibilitam apoio \u00e0s aulas, abrindo um grande leque de aprendizagens da tecnologia. \u00c9 utilizado tamb\u00e9m nas aulas de Educa\u00e7\u00e3o Digital e apoio a digita\u00e7\u00e3o e impress\u00e3o.<\/span>[\/vc_column_text][\/vc_tta_section][vc_tta_section title=&#8221;Banheiros&#8221; tab_id=&#8221;1583157478286-9cdb2c63-28b2&#8243;][vc_column_text]<span>Incluindo um banheiro para portadores de necessidades especiais.<\/span>[\/vc_column_text][\/vc_tta_section][\/vc_tta_accordion][wgl_spacing spacer_size=&#8221;30px&#8221;][\/vc_column][vc_column offset=&#8221;vc_col-md-6&#8243;][vc_gallery type=&#8221;image_grid&#8221; images=&#8221;3875,3877,3879,3880,3881,3884,3887,3889,3890,3893,3894,3896,3899,3900,3872,3901,3902,3903,3904,3907,3908,3909,3911,3912,3914,3916,3921,3922,3923,3925,3928,3929,3930&#8243;][\/vc_column][vc_column][wgl_spacing spacer_size=&#8221;7px&#8221;][\/vc_column][\/vc_row]\n","protected":false},"excerpt":{"rendered":"<p>[vc_row][vc_column][vc_column_text] Em um espa\u00e7o de 3500m\u00b2 nossas instala\u00e7\u00f5es focam em seguran\u00e7a e adequa\u00e7\u00e3o aos in\u00fameros projetos desenvolvidos. [\/vc_column_text][wgl_spacing spacer_size=&#8221;29px&#8221;][\/vc_column][\/vc_row][vc_row][vc_column offset=&#8221;vc_col-md-6&#8243;][vc_tta_accordion c_position=&#8221;right&#8221; active_section=&#8221;1&#8243;][vc_tta_section title=&#8221;Salas de aula da Educa\u00e7\u00e3o Infantil e Educa\u00e7\u00e3o Fundamental I&#8221; tab_id=&#8221;1559896571183-23da5d19-207f&#8221;][vc_column_text]Espa\u00e7os que propiciam a aprendizagem e o desenvolvimento das atividades que s\u00e3o propostas. S\u00e3o equipadas com c\u00e2meras de monitoramento.[\/vc_column_text][\/vc_tta_section][vc_tta_section title=&#8221;Sala de aula da [&hellip;]<\/p>\n","protected":false},"author":1,"featured_media":0,"parent":0,"menu_order":0,"comment_status":"closed","ping_status":"closed","template":"","meta":{"footnotes":""},"class_list":["post-3871","page","type-page","status-publish","hentry"],"_links":{"self":[{"href":"https:\/\/objetivoaruja.com.br\/site\/wp-json\/wp\/v2\/pages\/3871","targetHints":{"allow":["GET"]}}],"collection":[{"href":"https:\/\/objetivoaruja.com.br\/site\/wp-json\/wp\/v2\/pages"}],"about":[{"href":"https:\/\/objetivoaruja.com.br\/site\/wp-json\/wp\/v2\/types\/page"}],"author":[{"embeddable":true,"href":"https:\/\/objetivoaruja.com.br\/site\/wp-json\/wp\/v2\/users\/1"}],"replies":[{"embeddable":true,"href":"https:\/\/objetivoaruja.com.br\/site\/wp-json\/wp\/v2\/comments?post=3871"}],"version-history":[{"count":14,"href":"https:\/\/objetivoaruja.com.br\/site\/wp-json\/wp\/v2\/pages\/3871\/revisions"}],"predecessor-version":[{"id":4221,"href":"https:\/\/objetivoaruja.com.br\/site\/wp-json\/wp\/v2\/pages\/3871\/revisions\/4221"}],"wp:attachment":[{"href":"https:\/\/objetivoaruja.com.br\/site\/wp-json\/wp\/v2\/media?parent=3871"}],"curies":[{"name":"wp","href":"https:\/\/api.w.org\/{rel}","templated":true}]}}