{"id":3852,"date":"2020-02-29T23:15:55","date_gmt":"2020-02-29T23:15:55","guid":{"rendered":"https:\/\/objetivoaruja.com.br\/site\/?page_id=3852"},"modified":"2023-09-11T12:49:02","modified_gmt":"2023-09-11T12:49:02","slug":"quem-somos","status":"publish","type":"page","link":"https:\/\/objetivoaruja.com.br\/site\/quem-somos\/","title":{"rendered":"Quem Somos"},"content":{"rendered":"[vc_row][vc_column offset=&#8221;vc_col-lg-offset-1 vc_col-lg-10 vc_col-md-offset-1 vc_col-md-10&#8243;][wgl_spacing spacer_size=&#8221;10px&#8221;][wgl_double_headings align=&#8221;center&#8221; title_line_height=&#8221;53px&#8221; title_weight=&#8221;800&#8243; title_color=&#8221;#2c2c2c&#8221; subtitle_color=&#8221;#2c2c2c&#8221; subtitle=&#8221;Quem Somos&#8221;]Bem vindo ao Col\u00e9gio Objetivo Aruj\u00e1[\/wgl_double_headings][wgl_spacing spacer_size=&#8221;23px&#8221;][vc_column_text]Sin\u00f4nimo de excel\u00eancia em educa\u00e7\u00e3o, tem como miss\u00e3o preparar o aluno para a vida, pautado em valores \u00e9ticos, atrav\u00e9s da valoriza\u00e7\u00e3o do seu potencial e desenvolvimento do senso cr\u00edtico, criatividade e responsabilidade.<\/p>\n<p>Abrange o Ber\u00e7\u00e1rio, Educa\u00e7\u00e3o Infantil, Ensino Fundamental I e II, Ensino M\u00e9dio e Ensino Superior \u2013 Gradua\u00e7\u00e3o e P\u00f3s-Gradua\u00e7\u00e3o (UNIP \u2013 EAD).<\/p>\n<p>\u00c9 parte integrante de uma rede que atua h\u00e1 mais de cinco d\u00e9cadas na \u00e1rea educacional, destacando-se pela qualidade de seu padr\u00e3o pedag\u00f3gico.<\/p>\n<p>Educando para as diferentes dimens\u00f5es da vida, o Col\u00e9gio Objetivo presente em Aruj\u00e1 desde 1992 tem se desenvolvido e ampliado a cada ano com muitas realiza\u00e7\u00f5es e hist\u00f3rias escritas pela larga experi\u00eancia de diretores, coordenadores pedagogos, professores, pediatra e psic\u00f3loga, componentes da equipe.<\/p>\n<p>O material did\u00e1tico completo e atualizado e o Portal exclusivo para alunos e professores, somados \u00e0s salas multim\u00eddia, aos laborat\u00f3rios de ci\u00eancias, m\u00fasica, artes e TI, laborat\u00f3rio Maker, \u00e0s bibliotecas, brinquedoteca, mini-cidade, \u00e0s quadras e p\u00e1tios, valorizam as atividades e experi\u00eancias vividas no espa\u00e7o escolar.<\/p>\n<p>Aulas de \u00c9tica, estudo da Natureza e Meio Social, Programa Bil\u00edngue, Pesquisa Dirigida, Orienta\u00e7\u00e3o de Estudos e Orienta\u00e7\u00e3o Vocacional, Cine-Aula, Encontros Culturais, completam o Curr\u00edculo.<\/p>\n<p>Forma\u00e7\u00e3o e capacita\u00e7\u00e3o continuada dos professores.<\/p>\n<p>As constantes mudan\u00e7as do mundo contempor\u00e2neo exigem mais do que a obrigat\u00f3ria forma\u00e7\u00e3o acad\u00eamica dos alunos. Necessitam da forma\u00e7\u00e3o humana, capacita\u00e7\u00e3o para criar, empreender e se expressar para transformar conscientemente a sociedade onde os estudantes est\u00e3o inseridos.[\/vc_column_text][wgl_spacing spacer_size=&#8221;75px&#8221;][\/vc_column][\/vc_row][vc_row][vc_column][wgl_carousel slide_to_show=&#8221;4&#8243; use_pagination=&#8221;&#8221; slides_to_scroll=&#8221;true&#8221; infinite=&#8221;true&#8221; use_prev_next=&#8221;true&#8221;][vc_single_image image=&#8221;3880&#8243; img_size=&#8221;full&#8221;][vc_single_image image=&#8221;3878&#8243; img_size=&#8221;full&#8221;][vc_single_image image=&#8221;3881&#8243; img_size=&#8221;full&#8221;][vc_single_image image=&#8221;3923&#8243; img_size=&#8221;full&#8221;][vc_single_image image=&#8221;3921&#8243; img_size=&#8221;full&#8221;][vc_single_image image=&#8221;3925&#8243; img_size=&#8221;full&#8221;][vc_single_image image=&#8221;3914&#8243; img_size=&#8221;full&#8221;][vc_single_image image=&#8221;3928&#8243; img_size=&#8221;full&#8221;][vc_single_image image=&#8221;3912&#8243; img_size=&#8221;full&#8221;][vc_single_image image=&#8221;3885&#8243; img_size=&#8221;full&#8221;][vc_single_image image=&#8221;3900&#8243; img_size=&#8221;full&#8221;][\/wgl_carousel][wgl_spacing spacer_size=&#8221;75px&#8221;][\/vc_column][\/vc_row][vc_row][vc_column width=&#8221;1\/4&#8243;][\/vc_column][vc_column width=&#8221;1\/2&#8243;][vc_video link=&#8221;https:\/\/youtu.be\/WDfR2XwfhBY&#8221; css=&#8221;.vc_custom_1642781290325{margin-top: 30px !important;margin-bottom: 30px !important;}&#8221;][\/vc_column][vc_column width=&#8221;1\/4&#8243;][\/vc_column][\/vc_row][vc_row][vc_column][wgl_spacing spacer_size=&#8221;30px&#8221;][\/vc_column][\/vc_row]\n","protected":false},"excerpt":{"rendered":"<p>[vc_row][vc_column offset=&#8221;vc_col-lg-offset-1 vc_col-lg-10 vc_col-md-offset-1 vc_col-md-10&#8243;][wgl_spacing spacer_size=&#8221;10px&#8221;][wgl_double_headings align=&#8221;center&#8221; title_line_height=&#8221;53px&#8221; title_weight=&#8221;800&#8243; title_color=&#8221;#2c2c2c&#8221; subtitle_color=&#8221;#2c2c2c&#8221; subtitle=&#8221;Quem Somos&#8221;]Bem vindo ao Col\u00e9gio Objetivo Aruj\u00e1[\/wgl_double_headings][wgl_spacing spacer_size=&#8221;23px&#8221;][vc_column_text]Sin\u00f4nimo de excel\u00eancia em educa\u00e7\u00e3o, tem como miss\u00e3o preparar o aluno para a vida, pautado em valores \u00e9ticos, atrav\u00e9s da valoriza\u00e7\u00e3o do seu potencial e desenvolvimento do senso cr\u00edtico, criatividade e responsabilidade. Abrange o Ber\u00e7\u00e1rio, Educa\u00e7\u00e3o Infantil, [&hellip;]<\/p>\n","protected":false},"author":1,"featured_media":0,"parent":0,"menu_order":0,"comment_status":"closed","ping_status":"closed","template":"","meta":{"footnotes":""},"class_list":["post-3852","page","type-page","status-publish","hentry"],"_links":{"self":[{"href":"https:\/\/objetivoaruja.com.br\/site\/wp-json\/wp\/v2\/pages\/3852","targetHints":{"allow":["GET"]}}],"collection":[{"href":"https:\/\/objetivoaruja.com.br\/site\/wp-json\/wp\/v2\/pages"}],"about":[{"href":"https:\/\/objetivoaruja.com.br\/site\/wp-json\/wp\/v2\/types\/page"}],"author":[{"embeddable":true,"href":"https:\/\/objetivoaruja.com.br\/site\/wp-json\/wp\/v2\/users\/1"}],"replies":[{"embeddable":true,"href":"https:\/\/objetivoaruja.com.br\/site\/wp-json\/wp\/v2\/comments?post=3852"}],"version-history":[{"count":34,"href":"https:\/\/objetivoaruja.com.br\/site\/wp-json\/wp\/v2\/pages\/3852\/revisions"}],"predecessor-version":[{"id":7276,"href":"https:\/\/objetivoaruja.com.br\/site\/wp-json\/wp\/v2\/pages\/3852\/revisions\/7276"}],"wp:attachment":[{"href":"https:\/\/objetivoaruja.com.br\/site\/wp-json\/wp\/v2\/media?parent=3852"}],"curies":[{"name":"wp","href":"https:\/\/api.w.org\/{rel}","templated":true}]}}