{"id":180,"date":"2019-07-09T15:07:40","date_gmt":"2019-07-09T15:07:40","guid":{"rendered":"http:\/\/smartplus.wgl-demo.net\/?page_id=180"},"modified":"2023-09-11T14:45:33","modified_gmt":"2023-09-11T14:45:33","slug":"home","status":"publish","type":"page","link":"https:\/\/objetivoaruja.com.br\/site\/","title":{"rendered":"Home"},"content":{"rendered":"[vc_row z_index=&#8221;0&#8243; css=&#8221;.vc_custom_1569850554436{margin-top: -40px !important;}&#8221;][vc_column]\n\t\t\t<!-- START home1 REVOLUTION SLIDER 6.5.5 --><p class=\"rs-p-wp-fix\"><\/p>\n\t\t\t<rs-module-wrap id=\"rev_slider_1_1_wrapper\" data-source=\"gallery\" style=\"visibility:hidden;background:transparent;padding:0;margin:0px auto;margin-top:0;margin-bottom:0;\">\n\t\t\t\t<rs-module id=\"rev_slider_1_1\" style=\"\" data-version=\"6.5.5\">\n\t\t\t\t\t<rs-slides>\n\t\t\t\t\t\t<rs-slide style=\"position: absolute;\" data-key=\"rs-1\" data-title=\"Slide\" data-anim=\"ms:290;\" data-in=\"o:0;\" data-out=\"a:false;\">\n\t\t\t\t\t\t\t<img loading=\"lazy\" decoding=\"async\" src=\"\/\/objetivoaruja.com.br\/site\/wp-content\/plugins\/revslider\/public\/assets\/assets\/dummy.png\" title=\"Ensino-M\u00e9dio&#8212;Site\" width=\"2000\" height=\"1450\" class=\"rev-slidebg tp-rs-img rs-lazyload\" data-lazyload=\"\/\/objetivoaruja.com.br\/site\/wp-content\/uploads\/2020\/03\/Ensino-M\u00e9dio-Site.jpg\" data-bg=\"p:center top;\" data-parallax=\"off\" data-no-retina>\n<!--\n\t\t\t\t\t\t\t--><rs-layer\n\t\t\t\t\t\t\t\tid=\"slider-1-slide-1-layer-1\" \n\t\t\t\t\t\t\t\tdata-type=\"image\"\n\t\t\t\t\t\t\t\tdata-rsp_ch=\"on\"\n\t\t\t\t\t\t\t\tdata-xy=\"xo:-228px,-26px,-26px,-15px;yo:203px,23px,23px,-28px;\"\n\t\t\t\t\t\t\t\tdata-text=\"l:22;a:inherit;\"\n\t\t\t\t\t\t\t\tdata-dim=\"w:117px,93px,93px,73px;h:120px,95px,95px,75px;\"\n\t\t\t\t\t\t\t\tdata-frame_1=\"st:2000;sp:1100;sR:2000;\"\n\t\t\t\t\t\t\t\tdata-frame_999=\"o:0;st:w;sR:5900;\"\n\t\t\t\t\t\t\t\tdata-loop_0=\"rZ:360;oX:50;oY:50;\"\n\t\t\t\t\t\t\t\tdata-loop_999=\"rZ:-360;sp:400000;yym:t;yys:t;yyf:t;\"\n\t\t\t\t\t\t\t\tstyle=\"z-index:8;\"\n\t\t\t\t\t\t\t><img loading=\"lazy\" decoding=\"async\" src=\"\/\/objetivoaruja.com.br\/site\/wp-content\/plugins\/revslider\/public\/assets\/assets\/dummy.png\" alt=\"science\" class=\"tp-rs-img rs-lazyload\" width=\"117\" height=\"120\" data-lazyload=\"\/\/objetivoaruja.com.br\/site\/wp-content\/uploads\/2019\/10\/science.png\" data-no-retina> \n\t\t\t\t\t\t\t<\/rs-layer><!--\n\n\t\t\t\t\t\t\t--><rs-layer\n\t\t\t\t\t\t\t\tid=\"slider-1-slide-1-layer-2\" \n\t\t\t\t\t\t\t\tdata-type=\"image\"\n\t\t\t\t\t\t\t\tdata-rsp_ch=\"on\"\n\t\t\t\t\t\t\t\tdata-xy=\"xo:1301px,1067px,1067px,1067px;yo:703px,621px,621px,621px;\"\n\t\t\t\t\t\t\t\tdata-text=\"l:22;a:inherit;\"\n\t\t\t\t\t\t\t\tdata-dim=\"w:['97px','97px','97px','97px'];h:['121px','121px','121px','121px'];\"\n\t\t\t\t\t\t\t\tdata-frame_1=\"st:3600;sp:1100;sR:3600;\"\n\t\t\t\t\t\t\t\tdata-frame_999=\"o:0;st:w;sR:4300;\"\n\t\t\t\t\t\t\t\tdata-loop_0=\"rZ:-360;oX:50;oY:50;\"\n\t\t\t\t\t\t\t\tdata-loop_999=\"rZ:360;sp:400000;yym:t;yys:t;yyf:t;\"\n\t\t\t\t\t\t\t\tstyle=\"z-index:12;\"\n\t\t\t\t\t\t\t><img loading=\"lazy\" decoding=\"async\" src=\"\/\/objetivoaruja.com.br\/site\/wp-content\/plugins\/revslider\/public\/assets\/assets\/dummy.png\" alt=\"light-bulb\" class=\"tp-rs-img rs-lazyload\" width=\"97\" height=\"121\" data-lazyload=\"\/\/objetivoaruja.com.br\/site\/wp-content\/uploads\/2019\/10\/light-bulb.png\" data-no-retina> \n\t\t\t\t\t\t\t<\/rs-layer><!--\n\n\t\t\t\t\t\t\t--><rs-layer\n\t\t\t\t\t\t\t\tid=\"slider-1-slide-1-layer-3\" \n\t\t\t\t\t\t\t\tdata-type=\"image\"\n\t\t\t\t\t\t\t\tdata-rsp_ch=\"on\"\n\t\t\t\t\t\t\t\tdata-xy=\"xo:-226px,-145px,-145px,-145px;yo:671px,579px,579px,579px;\"\n\t\t\t\t\t\t\t\tdata-text=\"l:22;a:inherit;\"\n\t\t\t\t\t\t\t\tdata-dim=\"w:['119px','119px','119px','119px'];h:['120px','120px','120px','120px'];\"\n\t\t\t\t\t\t\t\tdata-frame_1=\"st:3200;sp:1100;sR:3200;\"\n\t\t\t\t\t\t\t\tdata-frame_999=\"o:0;st:w;sR:4700;\"\n\t\t\t\t\t\t\t\tdata-loop_0=\"rZ:-360;oX:50;oY:50;\"\n\t\t\t\t\t\t\t\tdata-loop_999=\"rZ:360;sp:400000;yym:t;yys:t;yyf:t;\"\n\t\t\t\t\t\t\t\tstyle=\"z-index:11;\"\n\t\t\t\t\t\t\t><img loading=\"lazy\" decoding=\"async\" src=\"\/\/objetivoaruja.com.br\/site\/wp-content\/plugins\/revslider\/public\/assets\/assets\/dummy.png\" alt=\"magnifying-glass\" class=\"tp-rs-img rs-lazyload\" width=\"119\" height=\"120\" data-lazyload=\"\/\/objetivoaruja.com.br\/site\/wp-content\/uploads\/2019\/10\/magnifying-glass.png\" data-no-retina> \n\t\t\t\t\t\t\t<\/rs-layer><!--\n\n\t\t\t\t\t\t\t--><rs-layer\n\t\t\t\t\t\t\t\tid=\"slider-1-slide-1-layer-4\" \n\t\t\t\t\t\t\t\tdata-type=\"image\"\n\t\t\t\t\t\t\t\tdata-rsp_ch=\"on\"\n\t\t\t\t\t\t\t\tdata-xy=\"xo:1042px,834px,682px,395px;yo:163px,114px,184px,54px;\"\n\t\t\t\t\t\t\t\tdata-text=\"l:22;a:inherit;\"\n\t\t\t\t\t\t\t\tdata-dim=\"w:131px,98px,98px,72px;h:120px,90px,90px,66px;\"\n\t\t\t\t\t\t\t\tdata-frame_1=\"st:2800;sp:1100;sR:2800;\"\n\t\t\t\t\t\t\t\tdata-frame_999=\"o:0;st:w;sR:5100;\"\n\t\t\t\t\t\t\t\tdata-tloop=\"u:true;\"\n\t\t\t\t\t\t\t\tdata-loop_0=\"rZ:-360;oX:50;oY:50;\"\n\t\t\t\t\t\t\t\tdata-loop_999=\"rZ:360;sp:400000;yym:t;yys:t;yyf:t;\"\n\t\t\t\t\t\t\t\tstyle=\"z-index:10;\"\n\t\t\t\t\t\t\t><img loading=\"lazy\" decoding=\"async\" src=\"\/\/objetivoaruja.com.br\/site\/wp-content\/plugins\/revslider\/public\/assets\/assets\/dummy.png\" alt=\"pencil\" class=\"tp-rs-img rs-lazyload\" width=\"131\" height=\"120\" data-lazyload=\"\/\/objetivoaruja.com.br\/site\/wp-content\/uploads\/2019\/10\/pencil.png\" data-no-retina> \n\t\t\t\t\t\t\t<\/rs-layer><!--\n\n\t\t\t\t\t\t\t--><rs-layer\n\t\t\t\t\t\t\t\tid=\"slider-1-slide-1-layer-5\" \n\t\t\t\t\t\t\t\tdata-type=\"image\"\n\t\t\t\t\t\t\t\tdata-rsp_ch=\"on\"\n\t\t\t\t\t\t\t\tdata-xy=\"xo:1302px,950px,672px,672px;yo:339px,391px,585px,585px;\"\n\t\t\t\t\t\t\t\tdata-text=\"l:22;a:inherit;\"\n\t\t\t\t\t\t\t\tdata-dim=\"w:95px,73px,73px,73px;h:129px,99px,99px,99px;\"\n\t\t\t\t\t\t\t\tdata-frame_1=\"st:2400;sp:1100;sR:2400;\"\n\t\t\t\t\t\t\t\tdata-frame_999=\"o:0;st:w;sR:5500;\"\n\t\t\t\t\t\t\t\tdata-loop_0=\"rZ:360;oX:50;oY:50;\"\n\t\t\t\t\t\t\t\tdata-loop_999=\"rZ:-360;sp:400000;yym:t;yys:t;yyf:t;\"\n\t\t\t\t\t\t\t\tstyle=\"z-index:9;\"\n\t\t\t\t\t\t\t><img loading=\"lazy\" decoding=\"async\" src=\"\/\/objetivoaruja.com.br\/site\/wp-content\/plugins\/revslider\/public\/assets\/assets\/dummy.png\" alt=\"earth-globe\" class=\"tp-rs-img rs-lazyload\" width=\"95\" height=\"129\" data-lazyload=\"\/\/objetivoaruja.com.br\/site\/wp-content\/uploads\/2019\/10\/earth-globe.png\" data-no-retina> \n\t\t\t\t\t\t\t<\/rs-layer><!--\n\n\t\t\t\t\t\t\t--><rs-layer\n\t\t\t\t\t\t\t\tid=\"slider-1-slide-1-layer-10\" \n\t\t\t\t\t\t\t\tdata-type=\"text\"\n\t\t\t\t\t\t\t\tdata-color=\"#e2e1e1||#ffffff||#ffffff||#ffffff\"\n\t\t\t\t\t\t\t\tdata-rsp_ch=\"on\"\n\t\t\t\t\t\t\t\tdata-xy=\"xo:25px,24px,24px,25px;yo:299px,158px,158px,71px;\"\n\t\t\t\t\t\t\t\tdata-text=\"s:16;l:40,40,40,24;fw:700;a:inherit;\"\n\t\t\t\t\t\t\t\tdata-frame_0=\"y:-50px;\"\n\t\t\t\t\t\t\t\tdata-frame_1=\"st:50;sp:1100;sR:50;\"\n\t\t\t\t\t\t\t\tdata-frame_999=\"o:0;st:w;sR:7850;\"\n\t\t\t\t\t\t\t\tstyle=\"z-index:14;font-family:'Quicksand';\"\n\t\t\t\t\t\t\t> O COMBUST\u00cdVEL PARA O SEU FUTURO \n\t\t\t\t\t\t\t<\/rs-layer><!--\n\n\t\t\t\t\t\t\t--><rs-layer\n\t\t\t\t\t\t\t\tid=\"slider-1-slide-1-layer-11\" \n\t\t\t\t\t\t\t\tdata-type=\"text\"\n\t\t\t\t\t\t\t\tdata-rsp_ch=\"on\"\n\t\t\t\t\t\t\t\tdata-xy=\"xo:13px,14px,14px,14px;yo:341px,201px,211px,108px;\"\n\t\t\t\t\t\t\t\tdata-text=\"w:normal;s:60,50,50,42;l:72,60,60,52;ls:2px,1px,2px,2px;fw:800;a:inherit;\"\n\t\t\t\t\t\t\t\tdata-dim=\"w:622px,457px,503px,461px;h:216px,148px,126px,123px;\"\n\t\t\t\t\t\t\t\tdata-frame_0=\"x:0,0px,0px,0px;y:50,26px,26px,26px;\"\n\t\t\t\t\t\t\t\tdata-frame_1=\"x:0,0px,0px,0px;y:0,0px,0px,0px;st:550;sp:1000;sR:550;\"\n\t\t\t\t\t\t\t\tdata-frame_999=\"o:0;st:w;sR:7450;\"\n\t\t\t\t\t\t\t\tstyle=\"z-index:16;font-family:'Muli';\"\n\t\t\t\t\t\t\t>SEU OBJETIVO \u00c9\nA NOSSA META\n \n\t\t\t\t\t\t\t<\/rs-layer><!--\n\n\t\t\t\t\t\t\t--><rs-layer\n\t\t\t\t\t\t\t\tid=\"slider-1-slide-1-layer-12\" \n\t\t\t\t\t\t\t\tdata-type=\"text\"\n\t\t\t\t\t\t\t\tdata-color=\"#fefefe\"\n\t\t\t\t\t\t\t\tdata-rsp_ch=\"on\"\n\t\t\t\t\t\t\t\tdata-xy=\"xo:14px,16px,16px,14px;yo:503px,342px,349px,227px;\"\n\t\t\t\t\t\t\t\tdata-text=\"w:normal;s:24,18,18,18;l:36,36,36,30;a:inherit;\"\n\t\t\t\t\t\t\t\tdata-dim=\"w:608px,405px,389px,448px;h:auto,auto,110px,113px;\"\n\t\t\t\t\t\t\t\tdata-frame_0=\"y:50px;\"\n\t\t\t\t\t\t\t\tdata-frame_1=\"st:1050;sp:1100;sR:1050;\"\n\t\t\t\t\t\t\t\tdata-frame_999=\"o:0;st:w;sR:6850;\"\n\t\t\t\t\t\t\t\tstyle=\"z-index:17;font-family:'Open Sans';\"\n\t\t\t\t\t\t\t>Do Ber\u00e7\u00e1rio ao Ensino Superior. \n\t\t\t\t\t\t\t<\/rs-layer><!--\n\n\t\t\t\t\t\t\t--><rs-layer\n\t\t\t\t\t\t\t\tid=\"slider-1-slide-1-layer-13\" \n\t\t\t\t\t\t\t\tclass=\"rev-btn\"\n\t\t\t\t\t\t\t\tdata-type=\"button\"\n\t\t\t\t\t\t\t\tdata-color=\"rgba(255,255,255,1)\"\n\t\t\t\t\t\t\t\tdata-rsp_ch=\"on\"\n\t\t\t\t\t\t\t\tdata-xy=\"xo:15px;y:t,m,m,m;yo:624px,157px,180px,131px;\"\n\t\t\t\t\t\t\t\tdata-text=\"s:16,18,18,18;l:17;fw:700;a:inherit;\"\n\t\t\t\t\t\t\t\tdata-padding=\"t:18,20,20,20;r:29,33,33,33;b:17,19,19,19;l:29,33,33,33;\"\n\t\t\t\t\t\t\t\tdata-border=\"bos:solid;boc:#004298;bow:2,2,2,2;bor:5px,5px,5px,5px;\"\n\t\t\t\t\t\t\t\tdata-frame_1=\"st:1550;sp:1100;sR:1550;\"\n\t\t\t\t\t\t\t\tdata-frame_999=\"o:0;st:w;sR:6350;\"\n\t\t\t\t\t\t\t\tdata-frame_hover=\"bgc:rgba(255,255,255,0);boc:#ffcc00;bor:5px,5px,5px,5px;bos:solid;bow:2,2,2,2;oX:50;oY:50;\"\n\t\t\t\t\t\t\t\tstyle=\"z-index:18;background-color:#004298;font-family:'Muli';cursor:pointer;outline:none;box-shadow:none;box-sizing:border-box;-moz-box-sizing:border-box;-webkit-box-sizing:border-box;\"\n\t\t\t\t\t\t\t>Ver Cursos \n\t\t\t\t\t\t\t<\/rs-layer><!--\n\n\t\t\t\t\t\t\t--><rs-layer\n\t\t\t\t\t\t\t\tid=\"slider-1-slide-1-layer-17\" \n\t\t\t\t\t\t\t\tdata-type=\"shape\"\n\t\t\t\t\t\t\t\tdata-rsp_ch=\"on\"\n\t\t\t\t\t\t\t\tdata-xy=\"xo:14px,11px,16px,15px;yo:310px,169px,169px,74px;\"\n\t\t\t\t\t\t\t\tdata-text=\"w:normal;s:20,17,12,7;l:0,21,15,9;\"\n\t\t\t\t\t\t\t\tdata-dim=\"w:3px,2px,2px,2px;h:20px,17px,17px,17px;\"\n\t\t\t\t\t\t\t\tdata-border=\"bor:2px,2px,2px,2px;\"\n\t\t\t\t\t\t\t\tdata-frame_0=\"y:-50,-42,-31,-19;\"\n\t\t\t\t\t\t\t\tdata-frame_1=\"st:50;sp:1100;sR:50;\"\n\t\t\t\t\t\t\t\tdata-frame_999=\"o:0;st:w;sR:7850;\"\n\t\t\t\t\t\t\t\tstyle=\"z-index:13;background-color:#ffcc00;\"\n\t\t\t\t\t\t\t> \n\t\t\t\t\t\t\t<\/rs-layer><!--\n\n\t\t\t\t\t\t\t--><rs-layer\n\t\t\t\t\t\t\t\tid=\"slider-1-slide-1-layer-18\" \n\t\t\t\t\t\t\t\tdata-type=\"shape\"\n\t\t\t\t\t\t\t\tdata-rsp_ch=\"on\"\n\t\t\t\t\t\t\t\tdata-xy=\"xo:507px,400px,415px,353px;yo:459px,300px,311px,195px;\"\n\t\t\t\t\t\t\t\tdata-text=\"w:normal;s:20,17,12,7;l:0,21,15,9;\"\n\t\t\t\t\t\t\t\tdata-dim=\"w:13px,11px,8px,7px;h:13px,11px,8px,7px;\"\n\t\t\t\t\t\t\t\tdata-border=\"bor:2px,2px,2px,2px;\"\n\t\t\t\t\t\t\t\tdata-frame_0=\"y:50,42,31,19;\"\n\t\t\t\t\t\t\t\tdata-frame_1=\"st:550;sp:1000;sR:550;\"\n\t\t\t\t\t\t\t\tdata-frame_999=\"o:0;st:w;sR:7450;\"\n\t\t\t\t\t\t\t\tstyle=\"z-index:15;background-color:#ffcc00;\"\n\t\t\t\t\t\t\t> \n\t\t\t\t\t\t\t<\/rs-layer><!--\n\n\t\t\t\t\t\t\t--><rs-layer\n\t\t\t\t\t\t\t\tid=\"slider-1-slide-1-layer-20\" \n\t\t\t\t\t\t\t\tdata-type=\"image\"\n\t\t\t\t\t\t\t\tdata-rsp_ch=\"on\"\n\t\t\t\t\t\t\t\tdata-xy=\"xo:657px,560px,425px,262px;yo:170px,145px,110px,67px;\"\n\t\t\t\t\t\t\t\tdata-text=\"w:normal;s:20,17,12,7;l:0,21,15,9;\"\n\t\t\t\t\t\t\t\tdata-dim=\"w:493px,420px,319px,196px;h:739px,630px,478px,294px;\"\n\t\t\t\t\t\t\t\tdata-frame_0=\"x:right;skX:-85;\"\n\t\t\t\t\t\t\t\tdata-frame_1=\"sp:1000;\"\n\t\t\t\t\t\t\t\tdata-frame_999=\"o:0;st:w;sR:8160;\"\n\t\t\t\t\t\t\t\tstyle=\"z-index:19;\"\n\t\t\t\t\t\t\t><img loading=\"lazy\" decoding=\"async\" src=\"\/\/objetivoaruja.com.br\/site\/wp-content\/plugins\/revslider\/public\/assets\/assets\/dummy.png\" class=\"tp-rs-img rs-lazyload\" width=\"779\" height=\"1167\" data-lazyload=\"\/\/objetivoaruja.com.br\/site\/wp-content\/uploads\/2023\/09\/estudante-em-uma-pilha-de-livros.png\" data-no-retina> \n\t\t\t\t\t\t\t<\/rs-layer><!--\n-->\t\t\t\t\t\t<\/rs-slide>\n\t\t\t\t\t<\/rs-slides>\n\t\t\t\t<\/rs-module>\n\t\t\t\t<script type=\"text\/javascript\">\n\t\t\t\t\tsetREVStartSize({c: 'rev_slider_1_1',rl:[1240,1024,778,480],el:[910,750,700,500],gw:[1200,1024,778,480],gh:[910,750,700,500],type:'standard',justify:'',layout:'fullwidth',mh:\"0\"});if (window.RS_MODULES!==undefined && window.RS_MODULES.modules!==undefined && window.RS_MODULES.modules[\"revslider11\"]!==undefined) {window.RS_MODULES.modules[\"revslider11\"].once = false;window.revapi1 = undefined;window.RS_MODULES.checkMinimal()}\n\t\t\t\t<\/script>\n\t\t\t<\/rs-module-wrap>\n\t\t\t<!-- END REVOLUTION SLIDER -->\n[\/vc_column][\/vc_row][vc_row full_width=&#8221;stretch_row&#8221; z_index=&#8221;3&#8243; css=&#8221;.vc_custom_1579118805627{background-color: #004298 !important;}&#8221; el_class=&#8221;o-visible&#8221;][vc_column][wgl_spacing spacer_size=&#8221;30px&#8221;][vc_row_inner][vc_column_inner width=&#8221;2\/3&#8243; css=&#8221;.vc_custom_1694443484750{padding-right: 80px !important;padding-left: 30px !important;}&#8221;][vc_column_text]\n<div id=\"iguru_dlh_64ff253fa32bb\" class=\"iguru_module_double_headings acenter \">\n<div class=\"dlh_title\" style=\"text-align: left; color: #fff; font-size: 20px;\"><strong>Bem vindo ao Col\u00e9gio Objetivo Aruj\u00e1<\/strong><\/div>\n<\/div>\n<div class=\"wpb_text_column wpb_content_element \">\n<div class=\"wpb_wrapper\">\n<p style=\"text-align: left; color: #fff;\">Sin\u00f4nimo de excel\u00eancia em educa\u00e7\u00e3o, tem como miss\u00e3o preparar o aluno para a vida, pautado em valores \u00e9ticos, atrav\u00e9s da valoriza\u00e7\u00e3o do seu potencial e desenvolvimento do senso cr\u00edtico, criatividade e responsabilidade.<\/p>\n<p style=\"text-align: left; color: #fff;\">Abrange o Ber\u00e7\u00e1rio, Educa\u00e7\u00e3o Infantil, Ensino Fundamental I e II, Ensino M\u00e9dio e Ensino Superior \u2013 Gradua\u00e7\u00e3o e P\u00f3s-Gradua\u00e7\u00e3o (UNIP \u2013 EAD).<\/p>\n<\/div>\n<\/div>\n[\/vc_column_text][wgl_spacing spacer_size=&#8221;30px&#8221;][vc_btn title=&#8221;quem somos&#8221; link=&#8221;url:https%3A%2F%2Fobjetivoaruja.com.br%2Fsite%2Fquem-somos%2F&#8221;][\/vc_column_inner][vc_column_inner width=&#8221;1\/3&#8243; css=&#8221;.vc_custom_1694443260710{margin-top: -100px !important;background-color: #fed501 !important;}&#8221;][wgl_custom_text font_size=&#8221;30&#8243; line_height=&#8221;26px&#8221; line_height_mobile=&#8221;28&#8243; responsive_font_mobile=&#8221;true&#8221; font_size_mobile=&#8221;23&#8243;]\n<h5><span style=\"display: inline-block; line-height: 1.25; color: #ffffff; margin: 0 47px; border-left: 3px solid #004298; padding-left: 15px;\">D\u00favidas? Entre em Contato<\/span><\/h5>\n[\/wgl_custom_text][wgl_spacing spacer_size=&#8221;25px&#8221;][vc_column_text css=&#8221;.vc_custom_1694443413376{margin-right: 10px !important;margin-left: 10px !important;padding-top: 40px !important;padding-right: 42px !important;padding-bottom: 35px !important;padding-left: 42px !important;}&#8221; el_class=&#8221;home_form&#8221;]\n<p style=\"text-align: center; color: #fff; font-size: 25px;\"><i class=\"wgl-icon fa fa-phone-square  \" ><\/i> +55 11 4654-2388<\/p>\n<p style=\"text-align: center; color: #fff; font-size: 25px;\"><i class=\"wgl-icon fa fa-whatsapp  \" ><\/i> +55 11 97373-0344<\/p>\n[\/vc_column_text][wgl_spacing spacer_size=&#8221;25px&#8221;][vc_btn title=&#8221;Whatsapp&#8221; color=&#8221;success&#8221; size=&#8221;lg&#8221; align=&#8221;center&#8221; i_icon_fontawesome=&#8221;fa fa-whatsapp&#8221; add_icon=&#8221;true&#8221; link=&#8221;url:https%3A%2F%2Fweb.whatsapp.com%2Fsend%3Fphone%3D5511973730344%26text%3DOl%C3%A1%2520estou%2520entrando%2520em%2520contato%2520via%2520link%2520do%2520site%2520do%2520Col%C3%A9gio|title:WhatsApp|target:%20_blank|&#8221;][\/vc_column_inner][\/vc_row_inner][wgl_spacing spacer_size=&#8221;30px&#8221;][\/vc_column][\/vc_row][vc_row][vc_column width=&#8221;1\/4&#8243;][wgl_info_box add_read_more=&#8221;alphameric&#8221; read_more_text=&#8221;veja mais&#8221; icon_type=&#8221;font&#8221; icon_font_type=&#8221;type_flaticon&#8221; icon_flaticon=&#8221;flaticon-heart&#8221; hover_animation=&#8221;true&#8221; ib_title=&#8221;Ber\u00e7\u00e1rio&#8221; ib_content=&#8221;Com muita aten\u00e7\u00e3o e cuidado, a equipe de profissionais cuida das necessidades do beb\u00ea atrav\u00e9s de atividades di\u00e1rias especialmente projetadas para a sua faixa et\u00e1ria e para necessidades e interesses de cada crian\u00e7a.&#8221; read_more_full_module=&#8221;true&#8221; link=&#8221;url:https%3A%2F%2Fobjetivoaruja.com.br%2Fsite%2Fbercario%2F&#8221; icon_offsets=&#8221;.vc_custom_1694438047147{margin-right: 37% !important;margin-left: 37% !important;}&#8221;][\/vc_column][vc_column width=&#8221;1\/4&#8243;][wgl_info_box add_read_more=&#8221;alphameric&#8221; read_more_text=&#8221;veja mais&#8221; icon_type=&#8221;font&#8221; icon_font_type=&#8221;type_flaticon&#8221; icon_flaticon=&#8221;flaticon-paint-palette&#8221; hover_animation=&#8221;true&#8221; ib_title=&#8221;Educa\u00e7\u00e3o Infantil&#8221; ib_content=&#8221;Na Educa\u00e7\u00e3o Infantil oferecemos \u00e0s crian\u00e7as um conjunto de oportunidades, meios e materiais para o crescimento saud\u00e1vel. Trabalhamos para que a crian\u00e7a se sinta autoconfiante e segura no ambiente escolar e em seus relacionamentos.&#8221; read_more_full_module=&#8221;true&#8221; link=&#8221;url:https%3A%2F%2Fobjetivoaruja.com.br%2Fsite%2Feducacao-infantil%2F&#8221; icon_offsets=&#8221;.vc_custom_1694438379843{margin-right: 37% !important;margin-left: 37% !important;}&#8221;][\/vc_column][vc_column width=&#8221;1\/4&#8243;][wgl_info_box add_read_more=&#8221;alphameric&#8221; read_more_text=&#8221;veja mais&#8221; icon_type=&#8221;font&#8221; icon_font_type=&#8221;type_flaticon&#8221; icon_flaticon=&#8221;flaticon-paint-brush&#8221; hover_animation=&#8221;true&#8221; ib_title=&#8221;Ensino Fundamental&#8221; ib_content=&#8221;A aprendizagem do aluno nas diferentes \u00e1reas do conhecimento se realiza atrav\u00e9s de diversas estrat\u00e9gias ativas, assertivas e posturas acolhedoras dos professores.&#8221; read_more_full_module=&#8221;true&#8221; link=&#8221;url:https%3A%2F%2Fobjetivoaruja.com.br%2Fsite%2Fensino-fundamental%2F&#8221; icon_offsets=&#8221;.vc_custom_1694438201128{margin-right: 37% !important;margin-left: 37% !important;}&#8221;][\/vc_column][vc_column width=&#8221;1\/4&#8243;][wgl_info_box add_read_more=&#8221;alphameric&#8221; read_more_text=&#8221;veja mais&#8221; icon_type=&#8221;font&#8221; icon_font_type=&#8221;type_flaticon&#8221; icon_flaticon=&#8221;flaticon-contract&#8221; hover_animation=&#8221;true&#8221; ib_title=&#8221;Ensino M\u00e9dio&#8221; ib_content=&#8221;O Ensino M\u00e9dio tem como meta formar cidad\u00e3os atuantes na sociedade, al\u00e9m de prepar\u00e1-los para enfrentar, com seguran\u00e7a, os exames vestibulares mais concorridos e desafiadores.&#8221; read_more_full_module=&#8221;true&#8221; link=&#8221;url:https%3A%2F%2Fobjetivoaruja.com.br%2Fsite%2Fensino-medio%2F&#8221; icon_offsets=&#8221;.vc_custom_1694438285887{margin-right: 37% !important;margin-left: 37% !important;}&#8221;][\/vc_column][\/vc_row][vc_row][vc_column][wgl_spacing spacer_size=&#8221;100px&#8221;][\/vc_column][\/vc_row][vc_row full_width=&#8221;stretch_row&#8221; css=&#8221;.vc_custom_1694441190423{margin-bottom: -40px !important;padding-top: 30px !important;padding-bottom: 50px !important;background-color: #f7f7f7 !important;}&#8221;][vc_column][vc_raw_html]JTVCaW5zdGFncmFtLWZlZWQlMjBmZWVkJTNEMSU1RA==[\/vc_raw_html][\/vc_column][\/vc_row]\n","protected":false},"excerpt":{"rendered":"<p>[vc_row z_index=&#8221;0&#8243; css=&#8221;.vc_custom_1569850554436{margin-top: -40px !important;}&#8221;][vc_column][\/vc_column][\/vc_row][vc_row full_width=&#8221;stretch_row&#8221; z_index=&#8221;3&#8243; css=&#8221;.vc_custom_1579118805627{background-color: #004298 !important;}&#8221; el_class=&#8221;o-visible&#8221;][vc_column][wgl_spacing spacer_size=&#8221;30px&#8221;][vc_row_inner][vc_column_inner width=&#8221;2\/3&#8243; css=&#8221;.vc_custom_1694443484750{padding-right: 80px !important;padding-left: 30px !important;}&#8221;][vc_column_text] Bem vindo ao Col\u00e9gio Objetivo Aruj\u00e1 Sin\u00f4nimo de excel\u00eancia em educa\u00e7\u00e3o, tem como miss\u00e3o preparar o aluno para a vida, pautado em valores \u00e9ticos, atrav\u00e9s da valoriza\u00e7\u00e3o do seu potencial e desenvolvimento do senso cr\u00edtico, criatividade e [&hellip;]<\/p>\n","protected":false},"author":1,"featured_media":0,"parent":0,"menu_order":0,"comment_status":"closed","ping_status":"closed","template":"","meta":{"footnotes":""},"class_list":["post-180","page","type-page","status-publish","hentry"],"_links":{"self":[{"href":"https:\/\/objetivoaruja.com.br\/site\/wp-json\/wp\/v2\/pages\/180","targetHints":{"allow":["GET"]}}],"collection":[{"href":"https:\/\/objetivoaruja.com.br\/site\/wp-json\/wp\/v2\/pages"}],"about":[{"href":"https:\/\/objetivoaruja.com.br\/site\/wp-json\/wp\/v2\/types\/page"}],"author":[{"embeddable":true,"href":"https:\/\/objetivoaruja.com.br\/site\/wp-json\/wp\/v2\/users\/1"}],"replies":[{"embeddable":true,"href":"https:\/\/objetivoaruja.com.br\/site\/wp-json\/wp\/v2\/comments?post=180"}],"version-history":[{"count":113,"href":"https:\/\/objetivoaruja.com.br\/site\/wp-json\/wp\/v2\/pages\/180\/revisions"}],"predecessor-version":[{"id":7323,"href":"https:\/\/objetivoaruja.com.br\/site\/wp-json\/wp\/v2\/pages\/180\/revisions\/7323"}],"wp:attachment":[{"href":"https:\/\/objetivoaruja.com.br\/site\/wp-json\/wp\/v2\/media?parent=180"}],"curies":[{"name":"wp","href":"https:\/\/api.w.org\/{rel}","templated":true}]}}